{"id":6383,"date":"2026-01-12T19:05:19","date_gmt":"2026-01-12T18:05:19","guid":{"rendered":"https:\/\/etnia36.com\/?post_type=product&#038;p=6383"},"modified":"2026-03-10T11:12:25","modified_gmt":"2026-03-10T10:12:25","slug":"camisa-aura","status":"publish","type":"product","link":"https:\/\/etnia36.com\/it\/producto\/camisa-aura\/","title":{"rendered":"Camisa Aura"},"content":{"rendered":"<p><strong>COMPOSICI\u00d3N:<\/strong> 50% Ecovero 50% viscosa.<br \/>\n<strong>Ornamento:<\/strong> 100% algod\u00f3n natural.<br \/>\n<strong>Etiquetas:<\/strong> 100% algod\u00f3n.<br \/>\n<strong>CUIDADOS:<\/strong> Prenda delicada, lavado a 30\u00b0C, no limpiar en seco, no utilizar lej\u00eda, planchar Max 110 \u00b0C, secar a temperatura baja.<\/p>\n<p><strong>INFORME DE IMPACTO<\/strong><\/p>\n<p>Cada prenda ha sido dise\u00f1ada, provista de material textil, fornituras y confeccionada dentro de un radio de <strong>47 km<\/strong> en Barcelona.<\/p>\n<p><i class=\"fas fa-seedling\"><\/i> Nuestro beachwear est\u00e1 confeccionado con un textil suave de base vegetal, que incorpora fibras ECOVERO\u2122, reconocidas por su bajo impacto ambiental y trazabilidad certificada.<\/p>\n<p><i class=\"fas fa-globe\"><\/i> <strong>\u00bfC\u00f3mo se obtiene y procesa el ECOVERO\u2122 de Lenzing?<\/strong><\/p>\n<p><i class=\"fas fa-tree\"><\/i> <strong>Materia prima:<\/strong> Pulpa de madera.<\/p>\n<p><i class=\"fas fa-map-marker-alt\"><\/i> <strong>Procedencia:<\/strong> Bosques certificados FSC o PEFC.<\/p>\n<p><i class=\"fas fa-leaf\"><\/i> Impacto ambiental: Bajo. Producci\u00f3n limpia, trazabilidad total, <strong>50\u202f%<\/strong> menos emisiones y agua que la viscosa convencional.<\/p>\n<p><i class=\"fas fa-certificate\"><\/i> <strong>Certificaci\u00f3n:<\/strong> EU Ecolabel, ISO 14001, FSC, Higg Index.<\/p>\n<p><img decoding=\"async\" class=\"alignleft wp-image-3491\" src=\"https:\/\/etnia36.com\/wp-content\/uploads\/2024\/06\/30d6a812c0-7787-451b-9a44-b71d0a990a5e-2-1.png\" alt=\"\" width=\"150\" height=\"41\" \/><\/p>\n<p>&nbsp;<\/p>\n<p><img decoding=\"async\" class=\"alignleft wp-image-4871 size-full\" src=\"https:\/\/etnia36.com\/wp-content\/uploads\/2025\/02\/ecovero-logo-2.png\" alt=\"Logo Ecovero\" width=\"150\" height=\"48\" \/><\/p>\n","protected":false},"excerpt":{"rendered":"<p>La Camisa Aura es una pieza atemporal que equilibra dise\u00f1o consciente y elegancia serena.<br \/>\nSu tejido de tacto suave y frescura natural la convierte en una prenda c\u00f3moda y ligera para el verano, mientras los detalles estampados en cuello y pu\u00f1os, inspirados en el arte barroco chiquitano, aportan identidad y car\u00e1cter sin exceso.<br \/>\nUna prenda vers\u00e1til, creada para mujeres que eligen vestir con equilibrio y autenticidad.<\/p>\n<ul>\n<li>Camisa de manga larga confeccionada en tejido suave y agradable al tacto, de ca\u00edda holgada.<\/li>\n<li>Cuello camisero<\/li>\n<li>Incorpora botonadura frontal y en pu\u00f1os funcional que a\u00f1ade un toque cl\u00e1sico y Vers\u00e1til al dise\u00f1o.<\/li>\n<li>Print de pinturas ind\u00edgenas \u201cBarroco Chiquitano\u201d en cuello y pu\u00f1os<\/li>\n<li>La modelo mide 1,71 m y lleva una talla M<\/li>\n<li>Dise\u00f1ado y fabricado en Barcelona con textil sostenible de proximidad.<\/li>\n<\/ul>\n","protected":false},"featured_media":6386,"template":"","meta":{"site-sidebar-layout":"default","site-content-layout":"","ast-site-content-layout":"default","site-content-style":"default","site-sidebar-style":"default","ast-global-header-display":"","ast-banner-title-visibility":"","ast-main-header-display":"","ast-hfb-above-header-display":"","ast-hfb-below-header-display":"","ast-hfb-mobile-header-display":"","site-post-title":"","ast-breadcrumbs-content":"","ast-featured-img":"","footer-sml-layout":"","ast-disable-related-posts":"","theme-transparent-header-meta":"default","adv-header-id-meta":"","stick-header-meta":"default","header-above-stick-meta":"","header-main-stick-meta":"","header-below-stick-meta":"","astra-migrate-meta-layouts":"set","ast-page-background-enabled":"default","ast-page-background-meta":{"desktop":{"background-color":"var(--ast-global-color-4)","background-image":"","background-repeat":"repeat","background-position":"center center","background-size":"auto","background-attachment":"scroll","background-type":"","background-media":"","overlay-type":"","overlay-color":"","overlay-opacity":"","overlay-gradient":""},"tablet":{"background-color":"","background-image":"","background-repeat":"repeat","background-position":"center center","background-size":"auto","background-attachment":"scroll","background-type":"","background-media":"","overlay-type":"","overlay-color":"","overlay-opacity":"","overlay-gradient":""},"mobile":{"background-color":"","background-image":"","background-repeat":"repeat","background-position":"center center","background-size":"auto","background-attachment":"scroll","background-type":"","background-media":"","overlay-type":"","overlay-color":"","overlay-opacity":"","overlay-gradient":""}},"ast-content-background-meta":{"desktop":{"background-color":"var(--ast-global-color-5)","background-image":"","background-repeat":"repeat","background-position":"center center","background-size":"auto","background-attachment":"scroll","background-type":"","background-media":"","overlay-type":"","overlay-color":"","overlay-opacity":"","overlay-gradient":""},"tablet":{"background-color":"var(--ast-global-color-5)","background-image":"","background-repeat":"repeat","background-position":"center center","background-size":"auto","background-attachment":"scroll","background-type":"","background-media":"","overlay-type":"","overlay-color":"","overlay-opacity":"","overlay-gradient":""},"mobile":{"background-color":"var(--ast-global-color-5)","background-image":"","background-repeat":"repeat","background-position":"center center","background-size":"auto","background-attachment":"scroll","background-type":"","background-media":"","overlay-type":"","overlay-color":"","overlay-opacity":"","overlay-gradient":""}}},"product_brand":[],"product_cat":[43],"product_tag":[],"class_list":{"0":"post-6383","1":"product","2":"type-product","3":"status-publish","4":"has-post-thumbnail","6":"product_cat-beachwear","7":"desktop-align-center","8":"tablet-align-left","9":"mobile-align-left","10":"ast-product-gallery-layout-first-image-large","11":"ast-product-tabs-layout-accordion","13":"first","14":"onbackorder","15":"taxable","16":"shipping-taxable","17":"product-type-simple"},"_links":{"self":[{"href":"https:\/\/etnia36.com\/it\/wp-json\/wp\/v2\/product\/6383","targetHints":{"allow":["GET"]}}],"collection":[{"href":"https:\/\/etnia36.com\/it\/wp-json\/wp\/v2\/product"}],"about":[{"href":"https:\/\/etnia36.com\/it\/wp-json\/wp\/v2\/types\/product"}],"wp:featuredmedia":[{"embeddable":true,"href":"https:\/\/etnia36.com\/it\/wp-json\/wp\/v2\/media\/6386"}],"wp:attachment":[{"href":"https:\/\/etnia36.com\/it\/wp-json\/wp\/v2\/media?parent=6383"}],"wp:term":[{"taxonomy":"product_brand","embeddable":true,"href":"https:\/\/etnia36.com\/it\/wp-json\/wp\/v2\/product_brand?post=6383"},{"taxonomy":"product_cat","embeddable":true,"href":"https:\/\/etnia36.com\/it\/wp-json\/wp\/v2\/product_cat?post=6383"},{"taxonomy":"product_tag","embeddable":true,"href":"https:\/\/etnia36.com\/it\/wp-json\/wp\/v2\/product_tag?post=6383"}],"curies":[{"name":"wp","href":"https:\/\/api.w.org\/{rel}","templated":true}]}}