{"id":5640,"date":"2024-06-14T07:00:45","date_gmt":"2024-06-14T07:00:45","guid":{"rendered":"https:\/\/etnia36.com\/product\/borsa-da-spiaggia-huari\/"},"modified":"2025-06-04T13:58:00","modified_gmt":"2025-06-04T11:58:00","slug":"borsa-da-spiaggia-huari","status":"publish","type":"product","link":"https:\/\/etnia36.com\/it\/producto\/borsa-da-spiaggia-huari\/","title":{"rendered":"Tote Bag Huari"},"content":{"rendered":"<p>Intervista ETNIA 36 alle tessitrici chiquitane del \u201ctelar en peine\u201d (febbraio 2024):<br \/>\nQual \u00e8 il processo artigianale e manuale?<\/p>\n<ol>\n<li>Definire i prodotti: cosa realizzer\u00f2.<\/li>\n<li>Scegliere i colori.<\/li>\n<li>Creare il disegno.<\/li>\n<li>Avvolgere i fili a coppie.<\/li>\n<li>Ordire in tre colonne per incrociare i fili.<\/li>\n<li>Inserire uno a uno i fili nel pettine e nei licci, a coppie.<\/li>\n<li>Iniziare a tessere con una trama doppia.<\/li>\n<\/ol>\n<p>\u00c8 importante per lei essere tessitrice? Perch\u00e9?<br \/>\nS\u00ec, \u00e8 molto importante per me, provengo da una famiglia di tessitori, come mio nonno (un\u2019eredit\u00e0 familiare). Inoltre, mi consente di avere un reddito (economia) ed \u00e8 essenziale per non perdere la nostra cultura (identit\u00e0 culturale).<br \/>\nTAGLIA: Unica<\/p>\n<p>COMPOSIZIONE: 70% cotone, 30% poliestere<\/p>\n<p>ETICHETTE: 100% cotone<\/p>\n<p>CURA: Lavare a secco<\/p>\n","protected":false},"excerpt":{"rendered":"<p>Questa tote bag \u00e8 stata tessuta appositamente per ETNIA 36 da artigiane chiquitane, maestre dell\u2019antica tecnica del \u201ctelar en peine\u201d.<br \/>\nOgni pezzo richiede oltre 85 ore di lavoro minuzioso, realizzato con conoscenze tramandate, pazienza e un profondo rispetto per l\u2019arte tessile.<br \/>\nUna creazione autentica: 12 borse uniche, filate nel cuore dell\u2019Amazzonia boliviana.<\/p>\n","protected":false},"featured_media":5245,"template":"","meta":{"site-sidebar-layout":"default","site-content-layout":"","ast-site-content-layout":"default","site-content-style":"default","site-sidebar-style":"default","ast-global-header-display":"","ast-banner-title-visibility":"","ast-main-header-display":"","ast-hfb-above-header-display":"","ast-hfb-below-header-display":"","ast-hfb-mobile-header-display":"","site-post-title":"","ast-breadcrumbs-content":"","ast-featured-img":"","footer-sml-layout":"","ast-disable-related-posts":"","theme-transparent-header-meta":"default","adv-header-id-meta":"","stick-header-meta":"default","header-above-stick-meta":"","header-main-stick-meta":"","header-below-stick-meta":"","astra-migrate-meta-layouts":"default","ast-page-background-enabled":"default","ast-page-background-meta":{"desktop":{"background-color":"var(--ast-global-color-4)","background-image":"","background-repeat":"repeat","background-position":"center center","background-size":"auto","background-attachment":"scroll","background-type":"","background-media":"","overlay-type":"","overlay-color":"","overlay-opacity":"","overlay-gradient":""},"tablet":{"background-color":"","background-image":"","background-repeat":"repeat","background-position":"center center","background-size":"auto","background-attachment":"scroll","background-type":"","background-media":"","overlay-type":"","overlay-color":"","overlay-opacity":"","overlay-gradient":""},"mobile":{"background-color":"","background-image":"","background-repeat":"repeat","background-position":"center center","background-size":"auto","background-attachment":"scroll","background-type":"","background-media":"","overlay-type":"","overlay-color":"","overlay-opacity":"","overlay-gradient":""}},"ast-content-background-meta":{"desktop":{"background-color":"var(--ast-global-color-5)","background-image":"","background-repeat":"repeat","background-position":"center center","background-size":"auto","background-attachment":"scroll","background-type":"","background-media":"","overlay-type":"","overlay-color":"","overlay-opacity":"","overlay-gradient":""},"tablet":{"background-color":"var(--ast-global-color-5)","background-image":"","background-repeat":"repeat","background-position":"center center","background-size":"auto","background-attachment":"scroll","background-type":"","background-media":"","overlay-type":"","overlay-color":"","overlay-opacity":"","overlay-gradient":""},"mobile":{"background-color":"var(--ast-global-color-5)","background-image":"","background-repeat":"repeat","background-position":"center center","background-size":"auto","background-attachment":"scroll","background-type":"","background-media":"","overlay-type":"","overlay-color":"","overlay-opacity":"","overlay-gradient":""}}},"product_brand":[],"product_cat":[99,102],"product_tag":[],"class_list":{"0":"post-5640","1":"product","2":"type-product","3":"status-publish","4":"has-post-thumbnail","6":"product_cat-accessori","7":"product_cat-borse","8":"desktop-align-center","9":"tablet-align-left","10":"mobile-align-left","11":"ast-product-gallery-layout-first-image-large","12":"ast-product-tabs-layout-accordion","14":"first","15":"instock","16":"taxable","17":"shipping-taxable","18":"purchasable","19":"product-type-simple"},"_links":{"self":[{"href":"https:\/\/etnia36.com\/it\/wp-json\/wp\/v2\/product\/5640","targetHints":{"allow":["GET"]}}],"collection":[{"href":"https:\/\/etnia36.com\/it\/wp-json\/wp\/v2\/product"}],"about":[{"href":"https:\/\/etnia36.com\/it\/wp-json\/wp\/v2\/types\/product"}],"wp:featuredmedia":[{"embeddable":true,"href":"https:\/\/etnia36.com\/it\/wp-json\/wp\/v2\/media\/5245"}],"wp:attachment":[{"href":"https:\/\/etnia36.com\/it\/wp-json\/wp\/v2\/media?parent=5640"}],"wp:term":[{"taxonomy":"product_brand","embeddable":true,"href":"https:\/\/etnia36.com\/it\/wp-json\/wp\/v2\/product_brand?post=5640"},{"taxonomy":"product_cat","embeddable":true,"href":"https:\/\/etnia36.com\/it\/wp-json\/wp\/v2\/product_cat?post=5640"},{"taxonomy":"product_tag","embeddable":true,"href":"https:\/\/etnia36.com\/it\/wp-json\/wp\/v2\/product_tag?post=5640"}],"curies":[{"name":"wp","href":"https:\/\/api.w.org\/{rel}","templated":true}]}}