{"id":5633,"date":"2025-05-27T18:24:44","date_gmt":"2025-05-27T16:24:44","guid":{"rendered":"https:\/\/etnia36.com\/product\/bikini-reversibile-amazon\/"},"modified":"2026-01-12T18:11:51","modified_gmt":"2026-01-12T17:11:51","slug":"bikini-reversibile-amazonica","status":"publish","type":"product","link":"https:\/\/etnia36.com\/it\/producto\/bikini-reversibile-amazonica\/","title":{"rendered":"Bikini reversibile Amazon"},"content":{"rendered":"<ul>\n<li style=\"font-weight: 400;\" aria-level=\"1\"><span style=\"font-weight: 400;\">Bikini reversibile<\/span><\/li>\n<li style=\"font-weight: 400;\" aria-level=\"1\"><span style=\"font-weight: 400;\">Reggiseno a tenda <\/span><i><span style=\"font-weight: 400;\">(multiposizione)<\/span><\/i><\/li>\n<li style=\"font-weight: 400;\" aria-level=\"1\"><span style=\"font-weight: 400;\">Mutandine brasiliane con lacci laterali<\/span><\/li>\n<li style=\"font-weight: 400;\" aria-level=\"1\"><span style=\"font-weight: 400;\">KM0 design e produzione realizzati a Barcellona con tessuti circolari e riciclati provenienti da Italia, Francia, Spagna e Portogallo.<\/span><\/li>\n<li style=\"font-weight: 400;\" aria-level=\"1\"><span style=\"font-weight: 400;\">Coerenza fin nei minimi dettagli: elastici vergini, marchio sostenibile ed etichette in carta tessile di cotone riciclato.<\/span><\/li>\n<\/ul>\n<p><b>TAGLIA:<\/b><span style=\"font-weight: 400;\"> S, M, L.<\/span><\/p>\n<p><b>COMPOSIZIONE<\/b><b> COSTUMI DA BAGNO IN TESSUTO:<\/b> <b>ECONYL\u00ae. <\/b> <b> <\/b><span style=\"font-weight: 400;\">78-82 % poliammide riciclata ECONYL\u00ae + 18-22 % elastan riciclato (a seconda del colore e del lotto di produzione).<\/span><\/p>\n<p><b>COMPOSIZIONE TESSILE STAMPATA:<\/b><span style=\"font-weight: 400;\"> 85% poliestere riciclato + 15% elastan.<\/span><\/p>\n<p><b>ACCESSORI INTERNI:<\/b><span style=\"font-weight: 400;\"> Gomma vergine.<\/span><\/p>\n<p><b>CURA<\/b><span style=\"font-weight: 400;\">Lavare a mano o in lavatrice a una temperatura massima di 30\u00b0C, non candeggiare, non asciugare in tamburo, non lavare a secco, non stirare; se si stira, stirare a una temperatura massima di 150\u00b0C o 300F.<\/span><\/p>\n<p><strong>RAPPORTO D&#8217;IMPATTO<\/strong><\/p>\n<p><i class=\"fas fa-seedling\"><\/i>  Impatto positivo per unit\u00e0 di Bikini reversibile Amazon.<\/p>\n<p><i class=\"fas fa-cloud\"><\/i>  CO\u2082 evitata: <strong>0,71 kg di CO\u2082 eq.<\/strong><br \/>\u2248 quella emessa da un&#8217;auto che percorre <strong>4,7 km.<\/strong><\/p>\n<p><i class=\"fas fa-tint\"><\/i>  Acqua risparmiata: <strong>9,83 litri d&#8217;acqua.<\/strong><br \/>\u2248 che equivale a <strong>20 bottiglie<\/strong> da 0,5 L o alla quantit\u00e0 bevuta da <strong>5 persone<\/strong> in un giorno.<\/p>\n<p><i class=\"fas fa-water\"><\/i>  Eutrofizzazione evitata: <strong>0,055 g PH4 eq.<\/strong><br \/>\u2248 quello che eviteresti utilizzando un computer portatile per pi\u00f9 di <strong>20 ore<\/strong> senza causare danni a fiumi, laghi o mari.<\/p>\n<p><i class=\"fas fa-recycle\"><\/i> Tessuto premium: <strong>78-82%<\/strong> poliammide riciclata ECONYL\u00ae + <strong>18-22%<\/strong> elastan riciclato (a seconda del colore e del lotto di produzione).<br \/>Realizzato con rifiuti oceanici e materiali di recupero. Qualit\u00e0 di lusso, impatto positivo. <\/p>\n<p>&lt;<img decoding=\"async\" class=\"alignleft size-full wp-image-4804\" src=\"https:\/\/etnia36.com\/wp-content\/uploads\/2024\/06\/ETIQUETAS_SWIMWEAR_SHORTARMONIA-3-1.png\" alt=\"#Istruzioni per il lavaggio\" width=\"316\" height=\"47\" srcset=\"https:\/\/etnia36.com\/wp-content\/uploads\/2024\/06\/ETIQUETAS_SWIMWEAR_SHORTARMONIA-3-1.png 316w, https:\/\/etnia36.com\/wp-content\/uploads\/2024\/06\/ETIQUETAS_SWIMWEAR_SHORTARMONIA-3-1-300x45.png 300w\" sizes=\"(max-width: 316px) 100vw, 316px\" \/> <img decoding=\"async\" class=\"alignleft size-full wp-image-4802\" src=\"https:\/\/etnia36.com\/wp-content\/uploads\/2024\/06\/logo_sin_fondo4.png\" alt=\"logo econyl\" width=\"429\" height=\"47\" srcset=\"https:\/\/etnia36.com\/wp-content\/uploads\/2024\/06\/logo_sin_fondo4.png 429w, https:\/\/etnia36.com\/wp-content\/uploads\/2024\/06\/logo_sin_fondo4-300x33.png 300w\" sizes=\"(max-width: 429px) 100vw, 429px\" \/><\/p>\n","protected":false},"excerpt":{"rendered":"<p><span style=\"font-weight: 400;\">Il bikini Amaz\u00f3nica \u00e8 l&#8217;espressione della versatilit\u00e0 e della libert\u00e0, ispirata all&#8217;energia vibrante e allo spirito indomito dell&#8217;Amazzonia.<\/span><span style=\"font-weight: 400;\"><br \/>\n<\/span><span style=\"font-weight: 400;\">Questo bikini reversibile e multiposizione offre diversi modi di indossarlo in un unico capo, permettendo a ogni donna di esplorare una variet\u00e0 di stili.<\/span><\/p>\n<p><span style=\"font-weight: 400;\">Con esso, porti con te la freschezza e il mistero dei paesaggi amazzonici, creando un legame intimo con la natura ogni volta che lo indossi.<\/span><\/p>\n<p><span style=\"font-weight: 400;\">Crediamo che l&#8217;armonia naturale del corpo di ogni donna ci renda uniche.<\/span><span style=\"font-weight: 400;\"><br \/>\n<\/span><span style=\"font-weight: 400;\">Puoi scegliere liberamente diverse taglie di slip e top per bikini. <\/span><i><span style=\"font-weight: 400;\">Amazzonico<\/span><\/i><span style=\"font-weight: 400;\">.<\/span><\/p>\n<p>&nbsp;<\/p>\n","protected":false},"featured_media":5426,"template":"","meta":{"site-sidebar-layout":"default","site-content-layout":"","ast-site-content-layout":"default","site-content-style":"default","site-sidebar-style":"default","ast-global-header-display":"","ast-banner-title-visibility":"","ast-main-header-display":"","ast-hfb-above-header-display":"","ast-hfb-below-header-display":"","ast-hfb-mobile-header-display":"","site-post-title":"","ast-breadcrumbs-content":"","ast-featured-img":"","footer-sml-layout":"","ast-disable-related-posts":"","theme-transparent-header-meta":"default","adv-header-id-meta":"","stick-header-meta":"default","header-above-stick-meta":"","header-main-stick-meta":"","header-below-stick-meta":"","astra-migrate-meta-layouts":"set","ast-page-background-enabled":"default","ast-page-background-meta":{"desktop":{"background-color":"var(--ast-global-color-4)","background-image":"","background-repeat":"repeat","background-position":"center center","background-size":"auto","background-attachment":"scroll","background-type":"","background-media":"","overlay-type":"","overlay-color":"","overlay-opacity":"","overlay-gradient":""},"tablet":{"background-color":"","background-image":"","background-repeat":"repeat","background-position":"center center","background-size":"auto","background-attachment":"scroll","background-type":"","background-media":"","overlay-type":"","overlay-color":"","overlay-opacity":"","overlay-gradient":""},"mobile":{"background-color":"","background-image":"","background-repeat":"repeat","background-position":"center center","background-size":"auto","background-attachment":"scroll","background-type":"","background-media":"","overlay-type":"","overlay-color":"","overlay-opacity":"","overlay-gradient":""}},"ast-content-background-meta":{"desktop":{"background-color":"var(--ast-global-color-5)","background-image":"","background-repeat":"repeat","background-position":"center center","background-size":"auto","background-attachment":"scroll","background-type":"","background-media":"","overlay-type":"","overlay-color":"","overlay-opacity":"","overlay-gradient":""},"tablet":{"background-color":"var(--ast-global-color-5)","background-image":"","background-repeat":"repeat","background-position":"center center","background-size":"auto","background-attachment":"scroll","background-type":"","background-media":"","overlay-type":"","overlay-color":"","overlay-opacity":"","overlay-gradient":""},"mobile":{"background-color":"var(--ast-global-color-5)","background-image":"","background-repeat":"repeat","background-position":"center center","background-size":"auto","background-attachment":"scroll","background-type":"","background-media":"","overlay-type":"","overlay-color":"","overlay-opacity":"","overlay-gradient":""}}},"product_brand":[],"product_cat":[111],"product_tag":[],"class_list":{"0":"post-5633","1":"product","2":"type-product","3":"status-publish","4":"has-post-thumbnail","6":"product_cat-swimwear","7":"desktop-align-center","8":"tablet-align-left","9":"mobile-align-left","10":"ast-product-gallery-layout-first-image-large","11":"ast-product-single-variable","12":"ast-product-tabs-layout-accordion","14":"first","15":"instock","16":"taxable","17":"shipping-taxable","18":"purchasable","19":"product-type-variable"},"_links":{"self":[{"href":"https:\/\/etnia36.com\/it\/wp-json\/wp\/v2\/product\/5633","targetHints":{"allow":["GET"]}}],"collection":[{"href":"https:\/\/etnia36.com\/it\/wp-json\/wp\/v2\/product"}],"about":[{"href":"https:\/\/etnia36.com\/it\/wp-json\/wp\/v2\/types\/product"}],"wp:featuredmedia":[{"embeddable":true,"href":"https:\/\/etnia36.com\/it\/wp-json\/wp\/v2\/media\/5426"}],"wp:attachment":[{"href":"https:\/\/etnia36.com\/it\/wp-json\/wp\/v2\/media?parent=5633"}],"wp:term":[{"taxonomy":"product_brand","embeddable":true,"href":"https:\/\/etnia36.com\/it\/wp-json\/wp\/v2\/product_brand?post=5633"},{"taxonomy":"product_cat","embeddable":true,"href":"https:\/\/etnia36.com\/it\/wp-json\/wp\/v2\/product_cat?post=5633"},{"taxonomy":"product_tag","embeddable":true,"href":"https:\/\/etnia36.com\/it\/wp-json\/wp\/v2\/product_tag?post=5633"}],"curies":[{"name":"wp","href":"https:\/\/api.w.org\/{rel}","templated":true}]}}