{"id":5596,"date":"2025-02-24T21:03:34","date_gmt":"2025-02-24T21:03:34","guid":{"rendered":"https:\/\/etnia36.com\/product\/kimono-tucan-tropicale\/"},"modified":"2026-02-25T11:01:59","modified_gmt":"2026-02-25T10:01:59","slug":"kimono-tucan-tropicale","status":"publish","type":"product","link":"https:\/\/etnia36.com\/it\/producto\/kimono-tucan-tropicale\/","title":{"rendered":"Kimono Tuc\u00e1n Tropical"},"content":{"rendered":"<p>\u25cf Kimono con manica \u00be e frange<br \/>\n\u25cf Taglio ampio<br \/>\n\u25cf La modella \u00e8 alta 176 cm e indossa una taglia M<br \/>\n\u25cf Sono necessarie 15 ore di lavoro manuale per intrecciare gli ornamenti di questo kimono<br \/>\n\u25cf Stampa che riproduce un\u2019opera originale dipinta a mano dall\u2019artista chiquitana Mar\u00eda Aid\u00e9 Sevilla Cambar\u00e1, custode dell\u2019arte barocca della sua terra<br \/>\n\u25cf Design, tessuto e produzione KM0 realizzati a Barcellona: questo ci permette di rafforzare l\u2019economia locale e garantire condizioni di lavoro etiche<br \/>\n\u25cf Frange e inserti realizzati a mano dalle artigiane chiquitane: Pura Saucedo, Nilda Mendoza, Lita Ch\u00e1vez dell\u2019Associazione La Pauroca, originarie dell\u2019Amazzonia boliviana (San Jos\u00e9 de Chiquitos)<br \/>\n\u25cf Coerenza nei pi\u00f9 piccoli dettagli: placchetta del marchio sostenibile, etichette brand in carta kraft sostenibile ed etichette di composizione in cotone 100%.<\/p>\n<p><strong>TAGLIA<\/strong>: S\/M L\/XL<\/p>\n<p><strong>COMPOSIZIONE<\/strong>: 50% ECOVERO\u2122 + 50% viscosa<\/p>\n<p><strong>ETICHETTA:<\/strong> 100% cotone<\/p>\n<p><strong>CURA<\/strong>: Capo delicato. Lavare a 30\u202f\u00b0C, non lavare a secco, non usare candeggina, stirare max 110\u202f\u00b0C, asciugare a bassa temperatura.<\/p>\n<div>\n  <img decoding=\"async\" class=\"wp-image-3491\" src=\"https:\/\/etnia36.com\/wp-content\/uploads\/2024\/06\/30d6a812c0-7787-451b-9a44-b71d0a990a5e-2-1.png\" alt=\"\" width=\"152\" height=\"41\" \/><br \/>\n  <br \/>\n  <img decoding=\"async\" class=\"wp-image-4870 size-medium\" src=\"https:\/\/etnia36.com\/wp-content\/uploads\/2025\/02\/ecovero-logo-png_seeklogo-388072-Editada-300x95.png\" alt=\"\" width=\"250\" height=\"79\" srcset=\"https:\/\/etnia36.com\/wp-content\/uploads\/2025\/02\/ecovero-logo-png_seeklogo-388072-Editada-300x95.png 300w, https:\/\/etnia36.com\/wp-content\/uploads\/2025\/02\/ecovero-logo-png_seeklogo-388072-Editada.png 600w\" sizes=\"(max-width: 250px) 100vw, 250px\" \/>\n<\/div>\n","protected":false},"excerpt":{"rendered":"<p>Lasciati avvolgere dallo spirito dell\u2019Amazzonia con il nostro kimono Tuc\u00e1n Tropical.<br \/>\nQuesto capo versatile e leggero incarna la libert\u00e0 e il mistero degli angoli pi\u00f9 remoti del Sud America, come la Chiquitan\u00eda.<br \/>\nPerfetto per completare il tuo look con un pezzo che unisce design, arte e rispetto per la terra.<\/p>\n","protected":false},"featured_media":5256,"template":"","meta":{"site-sidebar-layout":"default","site-content-layout":"","ast-site-content-layout":"default","site-content-style":"default","site-sidebar-style":"default","ast-global-header-display":"","ast-banner-title-visibility":"","ast-main-header-display":"","ast-hfb-above-header-display":"","ast-hfb-below-header-display":"","ast-hfb-mobile-header-display":"","site-post-title":"","ast-breadcrumbs-content":"","ast-featured-img":"","footer-sml-layout":"","ast-disable-related-posts":"","theme-transparent-header-meta":"default","adv-header-id-meta":"","stick-header-meta":"default","header-above-stick-meta":"","header-main-stick-meta":"","header-below-stick-meta":"","astra-migrate-meta-layouts":"default","ast-page-background-enabled":"default","ast-page-background-meta":{"desktop":{"background-color":"var(--ast-global-color-4)","background-image":"","background-repeat":"repeat","background-position":"center center","background-size":"auto","background-attachment":"scroll","background-type":"","background-media":"","overlay-type":"","overlay-color":"","overlay-opacity":"","overlay-gradient":""},"tablet":{"background-color":"","background-image":"","background-repeat":"repeat","background-position":"center center","background-size":"auto","background-attachment":"scroll","background-type":"","background-media":"","overlay-type":"","overlay-color":"","overlay-opacity":"","overlay-gradient":""},"mobile":{"background-color":"","background-image":"","background-repeat":"repeat","background-position":"center center","background-size":"auto","background-attachment":"scroll","background-type":"","background-media":"","overlay-type":"","overlay-color":"","overlay-opacity":"","overlay-gradient":""}},"ast-content-background-meta":{"desktop":{"background-color":"var(--ast-global-color-5)","background-image":"","background-repeat":"repeat","background-position":"center center","background-size":"auto","background-attachment":"scroll","background-type":"","background-media":"","overlay-type":"","overlay-color":"","overlay-opacity":"","overlay-gradient":""},"tablet":{"background-color":"var(--ast-global-color-5)","background-image":"","background-repeat":"repeat","background-position":"center center","background-size":"auto","background-attachment":"scroll","background-type":"","background-media":"","overlay-type":"","overlay-color":"","overlay-opacity":"","overlay-gradient":""},"mobile":{"background-color":"var(--ast-global-color-5)","background-image":"","background-repeat":"repeat","background-position":"center center","background-size":"auto","background-attachment":"scroll","background-type":"","background-media":"","overlay-type":"","overlay-color":"","overlay-opacity":"","overlay-gradient":""}}},"product_brand":[],"product_cat":[97],"product_tag":[],"class_list":{"0":"post-5596","1":"product","2":"type-product","3":"status-publish","4":"has-post-thumbnail","6":"product_cat-beachwear","7":"desktop-align-center","8":"tablet-align-left","9":"mobile-align-left","10":"ast-product-gallery-layout-first-image-large","11":"ast-product-tabs-layout-accordion","13":"first","14":"onbackorder","15":"taxable","16":"shipping-taxable","17":"product-type-simple"},"_links":{"self":[{"href":"https:\/\/etnia36.com\/it\/wp-json\/wp\/v2\/product\/5596","targetHints":{"allow":["GET"]}}],"collection":[{"href":"https:\/\/etnia36.com\/it\/wp-json\/wp\/v2\/product"}],"about":[{"href":"https:\/\/etnia36.com\/it\/wp-json\/wp\/v2\/types\/product"}],"wp:featuredmedia":[{"embeddable":true,"href":"https:\/\/etnia36.com\/it\/wp-json\/wp\/v2\/media\/5256"}],"wp:attachment":[{"href":"https:\/\/etnia36.com\/it\/wp-json\/wp\/v2\/media?parent=5596"}],"wp:term":[{"taxonomy":"product_brand","embeddable":true,"href":"https:\/\/etnia36.com\/it\/wp-json\/wp\/v2\/product_brand?post=5596"},{"taxonomy":"product_cat","embeddable":true,"href":"https:\/\/etnia36.com\/it\/wp-json\/wp\/v2\/product_cat?post=5596"},{"taxonomy":"product_tag","embeddable":true,"href":"https:\/\/etnia36.com\/it\/wp-json\/wp\/v2\/product_tag?post=5596"}],"curies":[{"name":"wp","href":"https:\/\/api.w.org\/{rel}","templated":true}]}}