{"id":5585,"date":"2025-02-27T22:17:58","date_gmt":"2025-02-27T21:17:58","guid":{"rendered":"https:\/\/etnia36.com\/product\/top-turubo\/"},"modified":"2025-06-04T13:22:54","modified_gmt":"2025-06-04T11:22:54","slug":"top-turubo","status":"publish","type":"product","link":"https:\/\/etnia36.com\/it\/producto\/top-turubo\/","title":{"rendered":"Top Turub\u00f2"},"content":{"rendered":"<p>\u25cf Top multiposizione con ampi volant<br \/>\n\u25cf Vita elasticizzata<br \/>\n\u25cf Abbinalo allo Short Achachair\u00fa o allo Short Curupa\u00fa<br \/>\n\u25cf La stampa riproduce un\u2019opera originale dipinta a mano dall\u2019artista chiquitana Mar\u00eda Aid\u00e9 Sevilla Cambar\u00e1, custode dell\u2019arte barocca della sua terra<br \/>\n\u25cf Design, tessuto e produzione KM0 realizzati a Barcellona: questo ci permette di rafforzare l\u2019economia locale e garantire condizioni di lavoro etiche<br \/>\n\u25cf Coerenza nei pi\u00f9 piccoli dettagli: elastici in gomma naturale vergine, placca del marchio sostenibile, etichette del brand in carta kraft sostenibile ed etichette di composizione in cotone 100%<\/p>\n<p><strong>TAGLIA:<\/strong> S, M, L<\/p>\n<p><strong>COMPOSIZIONE:<\/strong> 50% ECOVERO\u2122 + 50% viscosa<\/p>\n<p><strong>ETICHETTA:<\/strong> 100% cotone<\/p>\n<p><strong>CURA:<\/strong> Capo delicato. Lavare a 30\u202f\u00b0C, non lavare a secco, non usare candeggina, stirare max 110\u202f\u00b0C, asciugare a bassa temperatura.<\/p>\n<p><strong>RAPPORTO DI IMPATTO<\/strong><\/p>\n<p>Ogni capo \u00e8 stato progettato, dotato di materiale tessile, accessori e confezionato entro un raggio di <strong>47 km<\/strong> a Barcellona.<\/p>\n<p><i class=\"fas fa-seedling\"><\/i> Il nostro beachwear \u00e8 realizzato con un tessuto morbido a base vegetale che incorpora fibre ECOVERO\u2122, note per il loro basso impatto ambientale e la tracciabilit\u00e0 certificata.<\/p>\n<p><i class=\"fas fa-globe\"><\/i> <strong>Come viene ottenuto e lavorato l\u2019ECOVERO\u2122 di Lenzing?<\/strong><\/p>\n<p><i class=\"fas fa-tree\"><\/i> <strong>Materia prima:<\/strong> Polpa di legno.<\/p>\n<p><i class=\"fas fa-map-marker-alt\"><\/i> <strong>Provenienza:<\/strong> Foreste certificate FSC o PEFC.<\/p>\n<p><i class=\"fas fa-leaf\"><\/i> Impatto ambientale: basso. Produzione pulita, tracciabilit\u00e0 completa, <strong>50\u202f%<\/strong> di emissioni e acqua in meno rispetto alla viscosa convenzionale.<\/p>\n<p><i class=\"fas fa-certificate\"><\/i> <strong>Certificazione:<\/strong> EU Ecolabel, ISO 14001, FSC, Higg Index.<\/p>\n<div><img decoding=\"async\" class=\"wp-image-3491\" src=\"https:\/\/etnia36.com\/wp-content\/uploads\/2024\/06\/30d6a812c0-7787-451b-9a44-b71d0a990a5e-2-1.png\" alt=\"\" width=\"152\" height=\"41\" \/><\/p>\n<p><img decoding=\"async\" class=\"wp-image-4870 size-medium\" src=\"https:\/\/etnia36.com\/wp-content\/uploads\/2025\/02\/ecovero-logo-png_seeklogo-388072-Editada-300x95.png\" alt=\"\" width=\"250\" height=\"79\" srcset=\"https:\/\/etnia36.com\/wp-content\/uploads\/2025\/02\/ecovero-logo-png_seeklogo-388072-Editada-300x95.png 300w, https:\/\/etnia36.com\/wp-content\/uploads\/2025\/02\/ecovero-logo-png_seeklogo-388072-Editada.png 600w\" sizes=\"(max-width: 250px) 100vw, 250px\" \/><\/div>\n","protected":false},"excerpt":{"rendered":"<p>Ispirato al Cerro Turub\u00f3, il cui nome in lingua nativa significa \u201cSolitaria\u201d, questo top si erge come un santuario naturale e spirituale a San Jos\u00e9 de Chiquitos.<br \/>\nIl Top Turub\u00f3 celebra la tranquillit\u00e0 e la bellezza di questi ecosistemi unici, considerati il polmone del mondo, visibili dalla cima del Turub\u00f3, invitando chi lo indossa a connettersi con le montagne e con la natura.<\/p>\n","protected":false},"featured_media":5381,"template":"","meta":{"site-sidebar-layout":"default","site-content-layout":"","ast-site-content-layout":"default","site-content-style":"default","site-sidebar-style":"default","ast-global-header-display":"","ast-banner-title-visibility":"","ast-main-header-display":"","ast-hfb-above-header-display":"","ast-hfb-below-header-display":"","ast-hfb-mobile-header-display":"","site-post-title":"","ast-breadcrumbs-content":"","ast-featured-img":"","footer-sml-layout":"","ast-disable-related-posts":"","theme-transparent-header-meta":"default","adv-header-id-meta":"","stick-header-meta":"default","header-above-stick-meta":"","header-main-stick-meta":"","header-below-stick-meta":"","astra-migrate-meta-layouts":"set","ast-page-background-enabled":"default","ast-page-background-meta":{"desktop":{"background-color":"var(--ast-global-color-4)","background-image":"","background-repeat":"repeat","background-position":"center center","background-size":"auto","background-attachment":"scroll","background-type":"","background-media":"","overlay-type":"","overlay-color":"","overlay-opacity":"","overlay-gradient":""},"tablet":{"background-color":"","background-image":"","background-repeat":"repeat","background-position":"center center","background-size":"auto","background-attachment":"scroll","background-type":"","background-media":"","overlay-type":"","overlay-color":"","overlay-opacity":"","overlay-gradient":""},"mobile":{"background-color":"","background-image":"","background-repeat":"repeat","background-position":"center center","background-size":"auto","background-attachment":"scroll","background-type":"","background-media":"","overlay-type":"","overlay-color":"","overlay-opacity":"","overlay-gradient":""}},"ast-content-background-meta":{"desktop":{"background-color":"var(--ast-global-color-5)","background-image":"","background-repeat":"repeat","background-position":"center center","background-size":"auto","background-attachment":"scroll","background-type":"","background-media":"","overlay-type":"","overlay-color":"","overlay-opacity":"","overlay-gradient":""},"tablet":{"background-color":"var(--ast-global-color-5)","background-image":"","background-repeat":"repeat","background-position":"center center","background-size":"auto","background-attachment":"scroll","background-type":"","background-media":"","overlay-type":"","overlay-color":"","overlay-opacity":"","overlay-gradient":""},"mobile":{"background-color":"var(--ast-global-color-5)","background-image":"","background-repeat":"repeat","background-position":"center center","background-size":"auto","background-attachment":"scroll","background-type":"","background-media":"","overlay-type":"","overlay-color":"","overlay-opacity":"","overlay-gradient":""}}},"product_brand":[],"product_cat":[97],"product_tag":[],"class_list":{"0":"post-5585","1":"product","2":"type-product","3":"status-publish","4":"has-post-thumbnail","6":"product_cat-beachwear","7":"desktop-align-center","8":"tablet-align-left","9":"mobile-align-left","10":"ast-product-gallery-layout-first-image-large","11":"ast-product-single-variable","12":"ast-product-tabs-layout-accordion","14":"first","15":"instock","16":"taxable","17":"shipping-taxable","18":"purchasable","19":"product-type-variable"},"_links":{"self":[{"href":"https:\/\/etnia36.com\/it\/wp-json\/wp\/v2\/product\/5585","targetHints":{"allow":["GET"]}}],"collection":[{"href":"https:\/\/etnia36.com\/it\/wp-json\/wp\/v2\/product"}],"about":[{"href":"https:\/\/etnia36.com\/it\/wp-json\/wp\/v2\/types\/product"}],"wp:featuredmedia":[{"embeddable":true,"href":"https:\/\/etnia36.com\/it\/wp-json\/wp\/v2\/media\/5381"}],"wp:attachment":[{"href":"https:\/\/etnia36.com\/it\/wp-json\/wp\/v2\/media?parent=5585"}],"wp:term":[{"taxonomy":"product_brand","embeddable":true,"href":"https:\/\/etnia36.com\/it\/wp-json\/wp\/v2\/product_brand?post=5585"},{"taxonomy":"product_cat","embeddable":true,"href":"https:\/\/etnia36.com\/it\/wp-json\/wp\/v2\/product_cat?post=5585"},{"taxonomy":"product_tag","embeddable":true,"href":"https:\/\/etnia36.com\/it\/wp-json\/wp\/v2\/product_tag?post=5585"}],"curies":[{"name":"wp","href":"https:\/\/api.w.org\/{rel}","templated":true}]}}